{"id":10,"date":"2014-10-07T11:04:29","date_gmt":"2014-10-07T10:04:29","guid":{"rendered":"https:\/\/www.iim.cz\/secret_beta\/?page_id=10"},"modified":"2025-09-29T14:37:31","modified_gmt":"2025-09-29T13:37:31","slug":"provozni-a-bezpecnostni-rad","status":"publish","type":"page","link":"https:\/\/www.iim.cz\/cs\/provozni-a-bezpecnostni-rad\/","title":{"rendered":"Provozn\u00ed a bezpe\u010dnostn\u00ed \u0159\u00e1d"},"content":{"rendered":"<p>Institut interm\u00e9di\u00ed (IIM) je spole\u010dn\u00e9 pracovi\u0161t\u011b z\u0159\u00edzen\u00e9 \u010cesk\u00fdm vysok\u00fdm u\u010den\u00edm technick\u00fdm v Praze a Akademi\u00ed m\u00fazick\u00fdch um\u011bn\u00ed v Praze jako prostor pro organizov\u00e1n\u00ed spole\u010dn\u00e9 v\u00fduky a realizaci studentsk\u00fdch projekt\u016f na rozhran\u00ed v\u011bdy, techniky a um\u011bn\u00ed. Provozn\u00ed a bezpe\u010dnostn\u00ed \u0159\u00e1d stanovuje pravidla vyu\u017e\u00edv\u00e1n\u00ed prostoru IIM studenty a pedagogy zm\u00edn\u011bn\u00fdch \u0161kol, p\u0159\u00edpadn\u011b dal\u0161\u00edch subjekt\u016f.<\/p>\n<h4>Popis prostoru a jeho vybaven\u00ed<\/h4>\n<p>Prostor haly se nach\u00e1z\u00ed v halov\u00fdch laborato\u0159\u00edch Fakulty elektrotechnick\u00e9 \u010cVUT v Praze. Je rozd\u011blen na t\u0159i \u010d\u00e1sti<br \/>\nozna\u010den\u00e9 po \u0159ad\u011b H1-24c, H1-24a a H1-25. Hlavn\u00ed pracovn\u00ed prostor (hala), po\u010d\u00edta\u010dov\u00e1 pracovna a pracovna pro<br \/>\nvirtu\u00e1ln\u00ed realitu (cave-room). Hlavn\u00ed pracovn\u00ed prostor je vybaven pojezdov\u00fdmi voz\u00edky na stropn\u00edch kolejnic\u00edch se<br \/>\nzav\u011b\u0161en\u00fdmi r\u00e1my umo\u017e\u0148uj\u00edc\u00edmi prostorovou rekonfiguraci haly.<\/p>\n<p>Dal\u0161\u00ed sou\u010d\u00e1st\u00ed vybaven\u00ed jsou dva zvedac\u00ed stoly s nosnost\u00ed 1.8t s elektricky ovl\u00e1dan\u00fdm zdvihem v rozsahu 60-100cm,<br \/>\npoj\u00edzdn\u00e9 rozebirateln\u00e9 le\u0161en\u00ed (v\u00fd\u0161ka 5m).<br \/>\nV po\u010d\u00edta\u010dov\u00e9 pracovn\u011b je um\u00edst\u011bna sk\u0159\u00ed\u0148 se servery zaji\u0161\u0165uj\u00edc\u00edmi funk\u010dnost s\u00ed\u0165ov\u00e9 infrastruktury IIM, \u00falo\u017en\u00e9 reg\u00e1ly<br \/>\na sk\u0159\u00edn\u011b a d\u00e1le stoly poskytuj\u00edc\u00ed prostor pro pr\u00e1ci na projektech.<br \/>\nPracovna pro virtu\u00e1ln\u00ed realitu je ur\u010dena pro experimenty a projekty v oblasti prostorov\u00e9 vizualizace. Tato pracovna<br \/>\na hala jsou zatemn\u011bny.<br \/>\nV\u0161echny prostory jsou vybaven\u00e9 elektrick\u00fdmi p\u0159\u00edvody 230V, hala a pracovna pro VR disponuj\u00ed p\u0159\u00edpojkami 380V.<br \/>\nV\u0161echny el. rozvody jsou ji\u0161t\u011bny proudovou ochranou dle platn\u00fdch norem.<\/p>\n<p>Ve v\u0161ech prostorech jsou k dispozici tyto po\u010d\u00edta\u010dov\u00e9 s\u00edt\u011b:<\/p>\n<ul>\n<li><strong>eduroam<\/strong> \u2013 mezin\u00e1rodn\u00ed Wi-Fi s\u00ed\u0165 pro bezpe\u010dn\u00e9 mobiln\u00ed p\u0159ipojen\u00ed student\u016f a pedagog\u016f univerzit<br \/>\n(viz http:\/\/eduroam.cz).<\/li>\n<li><strong>fakultn\u00ed s\u00ed\u0165 FEL \u010cVUT<\/strong> \u2013 pevn\u00e9 IP adresy s mo\u017enost\u00ed p\u0159\u00edstupu z vn\u011bj\u0161\u00edch IP adres mimo dom\u00e9nu \u010cVUT sm\u011brem do IIM. K dispozici pouze pro speci\u00e1ln\u00ed \u00fa\u010dely.<\/li>\n<li><strong>priv\u00e1tn\u00ed Wi-Fi s\u00ed\u0165 \u201eIIM\u201c<\/strong> \u2013 s mo\u017enost\u00ed p\u0159\u00edstupu na internet pomoc\u00ed protokol\u016f HTTP, HTTPS, SSH bez mo\u017enosti p\u0159\u00edstupu z vn\u011bj\u0161\u00edch adres dovnit\u0159 do IIM.2. P\u0159\u00edstup do prostoru IIM<\/li>\n<\/ul>\n<p>P\u0159\u00edstup do prostor IIM maj\u00ed:<\/p>\n<ul>\n<li>Pedagogov\u00e9 pod\u00edlej\u00edc\u00ed se na p\u0159\u00edprav\u011b v\u00fduky nebo na samotn\u00e9 v\u00fduce v r\u00e1mci IIM dle Statutu IIM.<\/li>\n<li>Studenti v r\u00e1mci v\u00fduky konan\u00e9 v prostoru IIM a studenti pracuj\u00edc\u00ed na realizaci projekt\u016f dle Statutu IIM.<\/li>\n<li>Ve\u0159ejnost v obdob\u00ed po\u0159\u00e1d\u00e1n\u00ed ve\u0159ejn\u00e9 akce \u2013 pro takov\u00e9 p\u0159\u00edpady plat\u00ed zvl\u00e1\u0161tn\u00ed re\u017eim spo\u010d\u00edvaj\u00edc\u00ed v n\u00e1sleduj\u00edc\u00edch opat\u0159en\u00edch:\n<ol>\n<li>P\u0159i \u00fa\u010dasti v\u00edce ne\u017e 35 osob v prostoru person\u00e1l zaji\u0161\u0165uje zpr\u016fchodn\u011bn\u00ed obou vchod\u016f do IIM.<\/li>\n<li>Uzav\u00edr\u00e1 se p\u0159\u00edstup na schodi\u0161t\u011b do horn\u00ed galerie s v\u00fdjimkou person\u00e1lu.<\/li>\n<li>Plat\u00ed z\u00e1kaz manipulace s \u017eeb\u0159\u00edky a le\u0161en\u00edm, kter\u00e9 mus\u00ed b\u00fdt \u0159\u00e1dn\u011b zaji\u0161t\u011bn\u00e9.<\/li>\n<\/ol>\n<\/li>\n<\/ul>\n<h4>Pravidla bezpe\u010dnosti pr\u00e1ce v prostoru IIM<\/h4>\n<p>Pro pr\u00e1ci s ve\u0161ker\u00fdm za\u0159\u00edzen\u00edm v prostoru IIM plat\u00ed n\u00e1sleduj\u00edc\u00ed pravidla:<\/p>\n<ol>\n<li>Odpov\u011bdnost za provoz v prostor\u00e1ch IIM nese v dob\u011b v\u00fduky vyu\u010duj\u00edc\u00ed; mimo v\u00fduku dozor, pov\u011b\u0159en\u00fd<br \/>\n\u0159editelem IIM. V p\u0159\u00edpad\u011b, \u017ee v prostoru pracuj\u00ed zam\u011bstnanci ciz\u00ed instituce, kter\u00e1 si prostor pronajala,<br \/>\nzodpov\u00edd\u00e1 za bezpe\u010dnost sv\u00fdch pracovn\u00edk\u016f v prostoru IIM veden\u00ed t\u00e9to instituce nebo osoba pov\u011b\u0159en\u00e1<br \/>\nveden\u00edm t\u00e9to instituce.<\/li>\n<li>Studenti, zam\u011bstnanci \u010cVUT, AMU i pov\u011b\u0159en\u00ed hostuj\u00edc\u00ed pedagogov\u00e9 a n\u00e1jemci nesou plnou hmotnou<br \/>\nzodpov\u011bdnost za sv\u011b\u0159en\u00e9 vybaven\u00ed prostoru IIM po dobu realizace konkr\u00e9tn\u00edho projektu, pro kter\u00fd jim<br \/>\nbylo toto za\u0159\u00edzen\u00ed sv\u011b\u0159eno do u\u017e\u00edv\u00e1n\u00ed. Zavazuj\u00ed se dodr\u017eovat v\u0161echny bezpe\u010dnostn\u00ed p\u0159edpisy s u\u017e\u00edv\u00e1n\u00edm<br \/>\nkonkr\u00e9tn\u00edch za\u0159\u00edzen\u00ed spojen\u00e9 a je jim doporu\u010deno uzav\u0159\u00edt poji\u0161t\u011bn\u00ed odpov\u011bdnosti za zp\u016fsoben\u00e9 \u0161kody.<\/li>\n<li>U\u017eivatel\u00e9 prostoru nesm\u00ed pou\u017e\u00edvat za\u0159\u00edzen\u00ed kter\u00e1 jsou po\u0161kozen\u00e1 nebo maj\u00ed vadnou elektroinstalaci.<\/li>\n<li>Ve\u0161ker\u00e9 zap\u016fj\u010den\u00e9 vybaven\u00ed je ka\u017ed\u00fd povinen vr\u00e1tit na p\u016fvodn\u00ed m\u00edsto a v p\u016fvodn\u00edm stavu.<\/li>\n<li>Nen\u00ed dovoleno zasahovat do elektrick\u00e9 instalace prostoru IIM.<\/li>\n<li>P\u0159ipojov\u00e1n\u00ed jak\u00fdchkoliv spot\u0159ebi\u010d\u016f do elektrick\u00e9 s\u00edt\u011b v laborato\u0159i IIM bez p\u0159edchoz\u00edho pou\u010den\u00ed<br \/>\npov\u011b\u0159en\u00fdm pracovn\u00edkem IIM nebo pedagogem je zak\u00e1z\u00e1no.<\/li>\n<li>P\u0159i pr\u00e1ci se sv\u011bteln\u00fdmi zdroji je nutn\u00e9:<br \/>\na) zajistit sv\u00edtidla a jejich sou\u010d\u00e1sti proti p\u00e1du z v\u00fd\u0161ky ocelov\u00fdm lankem<br \/>\nb) p\u0159i manipulaci s hork\u00fdm sv\u00edtidlem pou\u017e\u00edvat rukavice a chr\u00e1nit sv\u00edtidlo p\u0159ed ot\u0159esy<br \/>\nc) neumis\u0165ovat sv\u00edtidla do bl\u00edzkosti ho\u0159lav\u00fdch materi\u00e1l\u016f<br \/>\nd) nenech\u00e1vat rozsv\u00edcen\u00e1 sv\u00edtidla bez dozoru<\/li>\n<li>Manipulace se zdvihac\u00edmi stoly je mo\u017en\u00e1 pouze za p\u0159\u00edtomnosti pedagoga nebo pov\u011b\u0159en\u00e9 osoby<br \/>\nodpov\u011bdn\u00e9 za vyklizeni okol\u00ed stol\u016f tak, aby p\u0159i manipulaci nemohlo doj\u00edt ke \u0161kod\u00e1m na zdrav\u00ed a majetku.<\/li>\n<li>Manipulace s poj\u00edzdn\u00fdm le\u0161en\u00edm je mo\u017en\u00e1 podle normy stanoven\u00e9 pro pr\u00e1ci s dan\u00fdm typem le\u0161en\u00ed,<br \/>\nkter\u00e1 je sou\u010d\u00e1st\u00ed tohoto \u0159\u00e1du. Student\u016fm nen\u00ed dovoleno prov\u00e1d\u011bt samostatn\u011b pr\u00e1ce na le\u0161en\u00ed. P\u0159i t\u011bchto<br \/>\nprac\u00edch zodpov\u00edd\u00e1 za bezpe\u010dnost student\u016f jejich pedagog, kter\u00fd mus\u00ed b\u00fdt b\u011bhem pr\u00e1ce p\u0159\u00edtomen.<\/li>\n<li>Ve\u0161ker\u00e9 manipulace se zvukov\u00fdmi za\u0159\u00edzen\u00edmi, sv\u011bteln\u00fdm parkem a dal\u0161\u00edmi za\u0159\u00edzen\u00edmi je mo\u017en\u00e9<br \/>\nprov\u00e1d\u011bt pouze pod dohledem odborn\u011b zp\u016fsobil\u00e9 osoby, spr\u00e1vce nebo odborn\u00e9ho pedagoga, kter\u00fd<br \/>\nzodpov\u00edd\u00e1 za bezpe\u010dnost ostatn\u00edch p\u0159\u00edtomn\u00fdch.<\/li>\n<li>Pou\u017e\u00edvan\u00ed zvukov\u00fdch syst\u00e9m\u016f a ostatn\u00edch technologi\u00ed produkuj\u00edc\u00edch zvuk, kou\u0159, mlhu apod. je mo\u017en\u00e9<br \/>\npouze tak, aby nedoch\u00e1zelo k ohro\u017een\u00ed zdrav\u00ed osob a majetku \u0161koly.<\/li>\n<\/ol>\n<h4>Provozn\u00ed pravidla<\/h4>\n<ol>\n<li>U\u017eivatel nesm\u00ed odn\u00e1\u0161et jakoukoli \u010d\u00e1st vybaven\u00ed prostoru IIM, pokud to nen\u00ed v\u00fdslovn\u011b a p\u00edsemn\u011b<br \/>\npovoleno odpov\u011bdnou osobou. Vybaven\u00ed je mo\u017en\u00e9 pou\u017e\u00edvat pouze pro projekty, kter\u00e9 jsou p\u0159edem<br \/>\nkonzultov\u00e1ny s delegovan\u00fdmi pedagogy. P\u0159i pr\u00e1ci mimo prostory IIM nese za vybaven\u00ed plnou<br \/>\nodpov\u011bdnost pedagog \u010di student, kter\u00fd si \u010d\u00e1st vybaven\u00ed zap\u016fj\u010dil.<\/li>\n<li>U\u017eivatel m\u00e1 pr\u00e1vo u\u017e\u00edvat, kamery, projektory, p\u0159enosn\u00e9 po\u010d\u00edta\u010de, sv\u011bteln\u00e9 za\u0159\u00edzen\u00ed, diskov\u00fd prostor,<br \/>\nv\u00fdkon procesor\u016f, p\u0159enosovou kapacitu s\u00edt\u011b apod. pouze s ohledem na celkov\u00e9 zat\u00ed\u017een\u00ed syst\u00e9mu nebo<br \/>\ns\u00edt\u011b. U\u017eivatel mus\u00ed bez prodlen\u00ed uposlechnout spr\u00e1vce nebo slu\u017ebu v prostoru IIM na sn\u00ed\u017een\u00ed<br \/>\ngenerovan\u00e9 z\u00e1t\u011b\u017ee.<\/li>\n<li>U\u017eivatel nesm\u00ed jakkoliv zasahovat do hardwarov\u00e9 ani softwarov\u00e9 konfigurace po\u010d\u00edta\u010d\u016f a dal\u0161\u00edho<br \/>\nvybaven\u00ed. Instalace jak\u00e9hokoli software je mo\u017en\u00e1 pouze po schv\u00e1len\u00ed spr\u00e1vce prostoru IIM a po<br \/>\nprok\u00e1z\u00e1n\u00ed licen\u010dn\u00edch pr\u00e1v k software.<\/li>\n<li>Kop\u00edrov\u00e1n\u00ed software, audio, video a grafick\u00fdch soubor\u016f, elektronick\u00fdch knih a ostatn\u00edch soubor\u016f je<br \/>\nmo\u017en\u00e9 pouze p\u0159i dodr\u017een\u00ed platn\u00fdch licen\u010dn\u00edch podm\u00ednek a pr\u00e1vn\u00edho \u0159\u00e1du \u010cesk\u00e9 republiky, jmenovit\u011b<br \/>\nz\u00e1kona \u010d. 121\/2000 Sb. a pozd\u011bj\u0161\u00edch \u00faprav &#8211; tzv. Autorsk\u00fd z\u00e1kon. Instalovat software pokryt\u00fd licenc\u00ed ve<br \/>\nspr\u00e1v\u011b AMU a \u010cVUT sm\u00ed pouze spr\u00e1vce laborato\u0159e, a to pouze v diskov\u00e9m prostoru k tomu ur\u010den\u00e9m a<br \/>\npouze v rozsahu povolen\u00e9m osobou pov\u011b\u0159enou spr\u00e1vou softwarov\u00fdch licenc\u00ed na AMU a \u010cVUT. U\u017eivatel<br \/>\nsm\u00ed s\u00e1m instalovat jen takov\u00fd software, jeho\u017e je s\u00e1m autorem, nebo software voln\u011b \u0161i\u0159iteln\u00fd (freeware a<br \/>\nshareware), a to v\u00fdlu\u010dn\u011b do sv\u00e9ho adres\u00e1\u0159e. V takov\u00e9m p\u0159\u00edpad\u011b u\u017eivatel pln\u011b odpov\u00edd\u00e1 za to, \u017ee<br \/>\ninstalace a dal\u0161\u00ed u\u017eit\u00ed software je v souladu s p\u0159\u00edslu\u0161n\u00fdmi licen\u010dn\u00edmi podm\u00ednkami.<\/li>\n<li>Pr\u00e1ce v prostor\u00e1ch IIM je mo\u017en\u00e1 pouze za p\u0159\u00edtomnosti spr\u00e1vce nebo jin\u00e9ho pov\u011b\u0159en\u00e9ho zam\u011bstnance<br \/>\nIIM. Pracovn\u00ed prostory IIM je mo\u017en\u00e9 vyu\u017e\u00edvat v dob\u011b pond\u011bl\u00ed-p\u00e1tek od 9.00 do 18.00 po p\u0159edchoz\u00ed<br \/>\nrezervaci u spr\u00e1vce s ohledem na person\u00e1ln\u00ed kapacitu IIM. Rezervace se prov\u00e1d\u00ed formou \u017e\u00e1dosti<br \/>\nemailem na adrese <strong><em>rezervace at iim dot cz<\/em><\/strong>. Pr\u00e1ce o v\u00edkendu je mo\u017en\u00e1 za zvl\u00e1\u0161tn\u00edho re\u017eimu od<br \/>\n10.00 do 17.00h pokud je person\u00e1ln\u011b zaji\u0161t\u011bna p\u0159\u00edtomnost zam\u011bstnance IIM.<\/li>\n<li>B\u011bhem pr\u00e1ce na projektech a v\u00fduky nen\u00ed dovoleno p\u0159in\u00e1\u0161et do prostoru j\u00eddlo a konzumovat ho zde.<br \/>\nOsoby pracuj\u00edc\u00ed v prostor\u00e1ch IIM jsou povinny udr\u017eovat po\u0159\u00e1dek a prostor v\u017edy p\u0159ed\u00e1vat ve stavu<br \/>\nuklizen\u00e9m.<\/li>\n<li>Pokud student po\u017eaduje ke sv\u00e9 pr\u00e1ci asistenta nebo interprety, je povinen uv\u00e9st jejich pln\u00e1 jm\u00e9na.<br \/>\nJm\u00e9na budou uvedena v \u017e\u00e1dosti o rezervaci. Ve\u0161ker\u00e9 z\u00e1ruky a odpov\u011bdnost za tyto osoby p\u0159eb\u00edr\u00e1<br \/>\nstudent.<\/li>\n<li>Pro v\u0161echny osoby plat\u00ed povinnost zapsat se do pracovn\u00ed knihy v IIM a po ukon\u010den\u00ed pr\u00e1ce se odepsat.<\/li>\n<li>V p\u0159\u00edpad\u011b poru\u0161en\u00ed tohoto provozn\u00edho \u0159\u00e1du IIM m\u00e1 spr\u00e1vce prostoru IIM pr\u00e1vo zak\u00e1zat do<br \/>\nu\u010deben p\u0159\u00edstup.<\/li>\n<\/ol>\n<p>Praha, 10. 2. 2015<br \/>\nAKTUALIZACE 24.9. 2024<br \/>\nAKTUALIZACE 29.9. 2025<\/p>\n<p>Ing. Roman Berka, Ph.D.<br \/>\nvedouc\u00ed IIM<br \/>\np\u0159i FEL \u010cVUT v Praze<\/p>","protected":false},"excerpt":{"rendered":"<p>Institut interm\u00e9di\u00ed (IIM) je spole\u010dn\u00e9 pracovi\u0161t\u011b z\u0159\u00edzen\u00e9 \u010cesk\u00fdm vysok\u00fdm u\u010den\u00edm technick\u00fdm v Praze a Akademi\u00ed m\u00fazick\u00fdch um\u011bn\u00ed v Praze jako prostor pro organizov\u00e1n\u00ed spole\u010dn\u00e9 v\u00fduky a realizaci studentsk\u00fdch projekt\u016f na rozhran\u00ed v\u011bdy, techniky a um\u011bn\u00ed. Provozn\u00ed a bezpe\u010dnostn\u00ed \u0159\u00e1d stanovuje pravidla vyu\u017e\u00edv\u00e1n\u00ed prostoru IIM studenty a pedagogy zm\u00edn\u011bn\u00fdch \u0161kol, p\u0159\u00edpadn\u011b dal\u0161\u00edch subjekt\u016f. Popis prostoru a [&hellip;]<\/p>\n","protected":false},"author":1,"featured_media":0,"parent":0,"menu_order":0,"comment_status":"closed","ping_status":"open","template":"","meta":{"footnotes":""},"class_list":["post-10","page","type-page","status-publish","hentry"],"_links":{"self":[{"href":"https:\/\/www.iim.cz\/cs\/wp-json\/wp\/v2\/pages\/10","targetHints":{"allow":["GET"]}}],"collection":[{"href":"https:\/\/www.iim.cz\/cs\/wp-json\/wp\/v2\/pages"}],"about":[{"href":"https:\/\/www.iim.cz\/cs\/wp-json\/wp\/v2\/types\/page"}],"author":[{"embeddable":true,"href":"https:\/\/www.iim.cz\/cs\/wp-json\/wp\/v2\/users\/1"}],"replies":[{"embeddable":true,"href":"https:\/\/www.iim.cz\/cs\/wp-json\/wp\/v2\/comments?post=10"}],"version-history":[{"count":18,"href":"https:\/\/www.iim.cz\/cs\/wp-json\/wp\/v2\/pages\/10\/revisions"}],"predecessor-version":[{"id":2240,"href":"https:\/\/www.iim.cz\/cs\/wp-json\/wp\/v2\/pages\/10\/revisions\/2240"}],"wp:attachment":[{"href":"https:\/\/www.iim.cz\/cs\/wp-json\/wp\/v2\/media?parent=10"}],"curies":[{"name":"wp","href":"https:\/\/api.w.org\/{rel}","templated":true}]}}