{"id":102,"date":"2014-11-13T23:16:04","date_gmt":"2014-11-13T22:16:04","guid":{"rendered":"https:\/\/www.iim.cz\/secret_beta\/?page_id=102"},"modified":"2023-05-25T08:40:29","modified_gmt":"2023-05-25T07:40:29","slug":"about-us","status":"publish","type":"page","link":"https:\/\/www.iim.cz\/cs\/about-us\/","title":{"rendered":"O n\u00e1s"},"content":{"rendered":"<p>Institut interm\u00e9di\u00ed (IIM) byl zalo\u017een v roce 2007 dv\u011bma p\u0159edn\u00edmi \u010desk\u00fdmi univerzitami v Praze, \u010cesk\u00fdm vysok\u00fdm u\u010den\u00edm technick\u00fdm a Akademi\u00ed m\u00fazick\u00fdch um\u011bn\u00ed. Z\u00e1kladn\u00ed viz\u00ed bylo vytvo\u0159it jedine\u010dnou platformu pro mezin\u00e1rodn\u00ed spolupr\u00e1ci student\u016f i pedagog\u016f technick\u00fdch a um\u011bleck\u00fdch obor\u016f.<\/p>\n<div style=\"max-width: 60%; height: auto;\">\n<div class=\"flex-video\"><iframe loading=\"lazy\" src=\"https:\/\/www.youtube.com\/embed\/cHYVsbb4Ixc\" width=\"400\" height=\"315\" frameborder=\"0\" allowfullscreen=\"allowfullscreen\"><\/iframe><\/div>\n<\/div>\n<div style=\"max-width: 60%; height: auto;\">\n<div class=\"flex-video\"><iframe loading=\"lazy\" src=\"https:\/\/www.youtube.com\/embed\/VlYID7Ofluc\" width=\"400\" height=\"315\" frameborder=\"0\" allowfullscreen=\"allowfullscreen\"><\/iframe><\/div>\n<\/div>\n<p>IIM nab\u00edz\u00ed nov\u00fd mezioborov\u00fd model vzd\u011bl\u00e1v\u00e1n\u00ed a v\u00fdzkumu na \u010desk\u00fdch vysok\u00fdch \u0161kol\u00e1ch. Propojuje \u0161koly technick\u00fdch, um\u011bleck\u00fdch \u010di humanitn\u00edch obor\u016f a mimoakademick\u00e9 partnery. Sou\u010dasn\u011b poskytuje prostor pro osvojen\u00ed sou\u010dasn\u00fdch znalost\u00ed, v\u011bdomost\u00ed a schopnost\u00ed v oblasti um\u011bn\u00ed, v\u00fdzkumu a technologie.<br \/>\nC\u00edlem IIM je vytv\u00e1\u0159et inspirativn\u00ed tv\u016fr\u010d\u00ed prost\u0159ed\u00ed. IIM podporuje studentskou a profesion\u00e1ln\u00ed spolupr\u00e1ci nap\u0159\u00ed\u010d \u0161irokou \u0161k\u00e1lou obor\u016f. Pom\u00e1h\u00e1 rozv\u00edjet nov\u00e9 formy spolupr\u00e1ce s ve\u0159ejnost\u00ed i s v\u00fdrobn\u00ed sf\u00e9rou. Zkoum\u00e1 vyu\u017eit\u00ed nekonven\u010dn\u00edch inovativn\u00edch um\u011bleck\u00fdch \u0159e\u0161en\u00ed.<\/p>\n<p>IIM poskytuje p\u0159\u00edle\u017eitost pro rozmanit\u00e9 zapojen\u00ed do mnoha v\u00fdzkumn\u00fdch a podn\u011btn\u00fdch projekt\u016f v oblastech multim\u00e9di\u00ed, m\u00fazick\u00fdch um\u011bn\u00ed a technologi\u00ed. Nab\u00edz\u00ed vysoce kvalitn\u00ed, av\u0161ak p\u0159\u00edstupn\u00e9, mezioborov\u00e9 vzd\u011bl\u00e1n\u00ed.<\/p>\n<h3>Statut IIM<\/h3>\n<p>Statut Institutu interm\u00e9di\u00ed ke sta\u017een\u00ed <a href=\"https:\/\/www.iim.cz\/wp-content\/uploads\/2023\/05\/statut_IIM.pdf\">zde<\/a>.<\/p>\n<h3>Hlavn\u00ed oblasti \u010dinnosti IIM<\/h3>\n<p>IIM se dle aktu\u00e1ln\u00edho person\u00e1ln\u00edho slo\u017een\u00ed t\u00fdmu pracovn\u00edk\u016f ze v\u0161ech spolupracuj\u00edc\u00edch \u0161kol anga\u017euje v um\u011bleck\u00fdch a technologick\u00fdch oborech, jako je:<\/p>\n<ul>\n<li>pr\u016fmyslov\u00fd a interi\u00e9rov\u00fd design<\/li>\n<li>m\u00fazick\u00e9 um\u011bn\u00ed<\/li>\n<li>IT a multimedi\u00e1ln\u00ed technologie<\/li>\n<li>sv\u011bteln\u00fd design<\/li>\n<li>choreografie<\/li>\n<\/ul>\n<h4>Vzd\u011bl\u00e1v\u00e1n\u00ed:<\/h4>\n<ul>\n<li>inovace studijn\u00edch program\u016f a rozvoj spole\u010dn\u00e9 v\u00fduky zakl\u00e1daj\u00edc\u00edch \u0161kol<\/li>\n<li>realizace studentsk\u00fdch a um\u011bleck\u00fdch projekt\u016f propojuj\u00edc\u00edch um\u011bn\u00ed, v\u011bdu a technologii<\/li>\n<li>po\u0159\u00e1d\u00e1n\u00ed odborn\u00fdch d\u00edlen a kurz\u016f pro studenty a ve\u0159ejnost<\/li>\n<\/ul>\n<h4>V\u00fdzkum:<\/h4>\n<ul>\n<li>realizace v\u00fdzkumn\u00fdch projekt\u016f v oblasti nov\u00fdch technologi\u00ed<\/li>\n<li>realizace v\u011bdeck\u00fdch projekt\u016f a experiment\u016f<\/li>\n<li>podpora intermedi\u00e1ln\u00edch projekt\u016f vznikaj\u00edc\u00edch ve spolupr\u00e1ci s dal\u0161\u00edmi vzd\u011bl\u00e1vac\u00edmi a jin\u00fdmi institucemi \u010di pr\u016fmyslem v \u010cR i v zahrani\u010d\u00ed<\/li>\n<\/ul>\n<h4>Akce pro ve\u0159ejnost:<\/h4>\n<ul>\n<li>organizace v\u00fdstav, koncert\u016f, p\u0159edn\u00e1\u0161ek, projekc\u00ed, performanc\u00ed \u010di workshop\u016f<\/li>\n<li>organizace populariza\u010dn\u00edch akc\u00ed a ve\u0159ejn\u00fdch kurz\u016f<\/li>\n<li>po\u0159\u00e1d\u00e1n\u00ed tiskov\u00fdch konferenc\u00ed<\/li>\n<\/ul>\n<h3>Partnersk\u00e9 instituce<\/h3>\n<ul>\n<li><a title=\"AMU\" href=\"http:\/\/www.amu.cz\/\" target=\"_blank\" rel=\"noopener\">Akademie m\u00fazick\u00fdch um\u011bn\u00ed<\/a><\/li>\n<li><a title=\"AMU\" href=\"http:\/\/www.svetelnydesign.cz\/\" target=\"_blank\" rel=\"noopener\">Institut Sv\u011bteln\u00e9ho Designu<\/a><\/li>\n<li><a title=\"AMU\" href=\"http:\/\/www.fa.cvut.cz\/Cz\" target=\"_blank\" rel=\"noopener\">Fakulta architektury<\/a><\/li>\n<\/ul>\n<p><\/p>","protected":false},"excerpt":{"rendered":"<p>Institut interm\u00e9di\u00ed (IIM) byl zalo\u017een v roce 2007 dv\u011bma p\u0159edn\u00edmi \u010desk\u00fdmi univerzitami v Praze, \u010cesk\u00fdm vysok\u00fdm u\u010den\u00edm technick\u00fdm a Akademi\u00ed m\u00fazick\u00fdch um\u011bn\u00ed. Z\u00e1kladn\u00ed viz\u00ed bylo vytvo\u0159it jedine\u010dnou platformu pro mezin\u00e1rodn\u00ed spolupr\u00e1ci student\u016f i pedagog\u016f technick\u00fdch a um\u011bleck\u00fdch obor\u016f. IIM nab\u00edz\u00ed nov\u00fd mezioborov\u00fd model vzd\u011bl\u00e1v\u00e1n\u00ed a v\u00fdzkumu na \u010desk\u00fdch vysok\u00fdch \u0161kol\u00e1ch. Propojuje \u0161koly technick\u00fdch, um\u011bleck\u00fdch \u010di [&hellip;]<\/p>\n","protected":false},"author":1,"featured_media":0,"parent":0,"menu_order":0,"comment_status":"closed","ping_status":"open","template":"","meta":{"footnotes":""},"class_list":["post-102","page","type-page","status-publish","hentry"],"_links":{"self":[{"href":"https:\/\/www.iim.cz\/cs\/wp-json\/wp\/v2\/pages\/102","targetHints":{"allow":["GET"]}}],"collection":[{"href":"https:\/\/www.iim.cz\/cs\/wp-json\/wp\/v2\/pages"}],"about":[{"href":"https:\/\/www.iim.cz\/cs\/wp-json\/wp\/v2\/types\/page"}],"author":[{"embeddable":true,"href":"https:\/\/www.iim.cz\/cs\/wp-json\/wp\/v2\/users\/1"}],"replies":[{"embeddable":true,"href":"https:\/\/www.iim.cz\/cs\/wp-json\/wp\/v2\/comments?post=102"}],"version-history":[{"count":33,"href":"https:\/\/www.iim.cz\/cs\/wp-json\/wp\/v2\/pages\/102\/revisions"}],"predecessor-version":[{"id":2095,"href":"https:\/\/www.iim.cz\/cs\/wp-json\/wp\/v2\/pages\/102\/revisions\/2095"}],"wp:attachment":[{"href":"https:\/\/www.iim.cz\/cs\/wp-json\/wp\/v2\/media?parent=102"}],"curies":[{"name":"wp","href":"https:\/\/api.w.org\/{rel}","templated":true}]}}