{"id":105,"date":"2014-11-13T23:16:48","date_gmt":"2014-11-13T22:16:48","guid":{"rendered":"https:\/\/www.iim.cz\/secret_beta\/?page_id=105"},"modified":"2015-02-22T02:03:25","modified_gmt":"2015-02-22T01:03:25","slug":"download","status":"publish","type":"page","link":"https:\/\/www.iim.cz\/cs\/download\/","title":{"rendered":"Ke sta\u017een\u00ed"},"content":{"rendered":"<p>&nbsp;<\/p>\n<h3><a href=\"https:\/\/www.iim.cz\/wp-content\/uploads\/2014\/11\/IIM_logo_CS_EN.zip\">St\u00e1hnout bal\u00ed\u010dek s logy<\/a>\u00a0(AI, PDF, SVG, JPEG formats)<\/h3>\n<p class=\"logo\"><a href=\"https:\/\/www.iim.cz\/wp-content\/uploads\/2014\/11\/iim_logo-CZ_cb_neg.jpg\"><img decoding=\"async\" class=\"alignnone\" src=\"https:\/\/www.iim.cz\/wp-content\/uploads\/2014\/11\/iim_logo-CZ_cb_neg-350x75.jpg\" alt=\"iim_logo-CZ_cb_neg\" \/><\/a><\/p>\n<p class=\"logo\"><a href=\"https:\/\/www.iim.cz\/wp-content\/uploads\/2014\/11\/iim_logo-CZ_cb_poz.jpg\"><img decoding=\"async\" class=\"alignnone\" src=\"https:\/\/www.iim.cz\/wp-content\/uploads\/2014\/11\/iim_logo-CZ_cb_poz-350x67.jpg\" alt=\"iim_logo CZ_cb_poz\" \/><\/a><\/p>\n<p class=\"logo\"><a href=\"https:\/\/www.iim.cz\/wp-content\/uploads\/2014\/11\/iim_logo-CZ_cmyk_neg.jpg\"><img decoding=\"async\" class=\"alignnone\" src=\"https:\/\/www.iim.cz\/wp-content\/uploads\/2014\/11\/iim_logo-CZ_cmyk_neg-350x76.jpg\" alt=\"iim_logo-CZ_cmyk_neg\" \/><\/a><\/p>\n<p class=\"logo\"><a href=\"https:\/\/www.iim.cz\/wp-content\/uploads\/2014\/11\/iim_logo-CZ_cmyk_poz.jpg\"><img decoding=\"async\" class=\"alignnone\" src=\"https:\/\/www.iim.cz\/wp-content\/uploads\/2014\/11\/iim_logo-CZ_cmyk_poz-350x67.jpg\" alt=\"iim_logo CZ_cmyk_poz\" \/><\/a><\/p>\n<p class=\"logo\"><a href=\"https:\/\/www.iim.cz\/wp-content\/uploads\/2014\/11\/iim_logo-CZ_kratka-varianta_cmyk_poz.jpg\"><img decoding=\"async\" class=\"alignnone\" src=\"https:\/\/www.iim.cz\/wp-content\/uploads\/2014\/11\/iim_logo-CZ_kratka-varianta_cmyk_poz-350x86.jpg\" alt=\"iim_logo CZ_kratka varianta_cmyk_poz\" \/><\/a><\/p>\n<p><\/p>","protected":false},"excerpt":{"rendered":"<p>&nbsp; St\u00e1hnout bal\u00ed\u010dek s logy\u00a0(AI, PDF, SVG, JPEG formats)<\/p>\n","protected":false},"author":1,"featured_media":0,"parent":0,"menu_order":0,"comment_status":"closed","ping_status":"open","template":"","meta":{"footnotes":""},"class_list":["post-105","page","type-page","status-publish","hentry"],"_links":{"self":[{"href":"https:\/\/www.iim.cz\/cs\/wp-json\/wp\/v2\/pages\/105","targetHints":{"allow":["GET"]}}],"collection":[{"href":"https:\/\/www.iim.cz\/cs\/wp-json\/wp\/v2\/pages"}],"about":[{"href":"https:\/\/www.iim.cz\/cs\/wp-json\/wp\/v2\/types\/page"}],"author":[{"embeddable":true,"href":"https:\/\/www.iim.cz\/cs\/wp-json\/wp\/v2\/users\/1"}],"replies":[{"embeddable":true,"href":"https:\/\/www.iim.cz\/cs\/wp-json\/wp\/v2\/comments?post=105"}],"version-history":[{"count":13,"href":"https:\/\/www.iim.cz\/cs\/wp-json\/wp\/v2\/pages\/105\/revisions"}],"predecessor-version":[{"id":681,"href":"https:\/\/www.iim.cz\/cs\/wp-json\/wp\/v2\/pages\/105\/revisions\/681"}],"wp:attachment":[{"href":"https:\/\/www.iim.cz\/cs\/wp-json\/wp\/v2\/media?parent=105"}],"curies":[{"name":"wp","href":"https:\/\/api.w.org\/{rel}","templated":true}]}}