{"id":37,"date":"2014-11-12T00:06:38","date_gmt":"2014-11-11T23:06:38","guid":{"rendered":"https:\/\/www.iim.cz\/secret_beta\/?page_id=37"},"modified":"2018-09-21T12:50:23","modified_gmt":"2018-09-21T11:50:23","slug":"contact","status":"publish","type":"page","link":"https:\/\/www.iim.cz\/cs\/contact\/","title":{"rendered":"Kontakty"},"content":{"rendered":"<p><\/p>\n<h3>M\u00e1te z\u00e1jem o spolupr\u00e1ci s IIM?<\/h3>\n<p>Tv\u016fr\u010d\u00ed mezioborov\u00e1 spolupr\u00e1ce je pro n\u00e1s v IIM prim\u00e1rn\u00edm zam\u011b\u0159en\u00edm. Zab\u00fdv\u00e1me se vzd\u011bl\u00e1v\u00e1n\u00edm, v\u00fdzkumem a v\u00fdvojem nov\u00fdch technologi\u00ed, pod\u00edl\u00edme se na realizaci a organizaci nejr\u016fzn\u011bj\u0161\u00edch <a href=\"https:\/\/www.iim.cz\/events\">ud\u00e1lost\u00ed<\/a> a <a href=\"https:\/\/www.iim.cz\/category\/projects\">projekt\u016f<\/a>.<\/p>\n<h4>Mezi na\u0161e hlavn\u00ed oblasti z\u00e1jmu pat\u0159\u00ed:<\/h4>\n<ul>\n<li>spolupr\u00e1ce s mezin\u00e1rodn\u00edmi univerzitami<\/li>\n<li>multimedi\u00e1ln\u00ed workshopy a akce<\/li>\n<li>individu\u00e1ln\u00ed a skupinov\u00e9 um\u011bleck\u00e9 projekty<\/li>\n<li>partnerstv\u00ed s tv\u016fr\u010d\u00edm pr\u016fmyslem<\/li>\n<\/ul>\n<p>Pod\u011blte se s n\u00e1mi o sv\u00e9 n\u00e1pady a sd\u011blte n\u00e1m sv\u00e9 z\u00e1jmy! R\u00e1di usly\u0161\u00edme va\u0161e my\u0161lenky, p\u0159ipom\u00ednky a nab\u00eddky k rozvoji \u010di podpo\u0159e na\u0161eho jedine\u010dn\u00e9ho sd\u00edlen\u00e9ho prost\u0159ed\u00ed. Nev\u00e1hejte se na n\u00e1s obr\u00e1tit, a\u0165 u\u017e jste um\u011blec, kreativn\u00ed skupina, u\u010ditel, univerzitn\u00ed kolega nebo sponzor. T\u011b\u0161\u00edme se na v\u0161echny budouc\u00ed partnery.<\/p>\n<p>M\u00e1te-li z\u00e1jem o jednor\u00e1zovou \u010di dlouhodobou spolupr\u00e1ci, m\u00e1te-li n\u00e1pad, kter\u00fd by n\u00e1s mohl spojit, kontaktujte n\u00e1s na\u00a0<a href=\"mailto:info@iim.cz\">info@iim.cz\u00a0<\/a><\/p>\n<h4>Adresa:<\/h4>\n<p>Institut interm\u00e9di\u00ed<\/p>\n<p>FEL \u010cVUT, hala H25<\/p>\n<p>Technick\u00e1 2<\/p>\n<p>166 27 Praha 6<\/p>\n<h4>Telefon:<\/h4>\n<p>+420 224 352 343<\/p>\n<h4>E-mail:<\/h4>\n<p><a href=\"mailto:info@iim.cz\">info@iim.cz<\/a><\/p>","protected":false},"excerpt":{"rendered":"<p>M\u00e1te z\u00e1jem o spolupr\u00e1ci s IIM? Tv\u016fr\u010d\u00ed mezioborov\u00e1 spolupr\u00e1ce je pro n\u00e1s v IIM prim\u00e1rn\u00edm zam\u011b\u0159en\u00edm. Zab\u00fdv\u00e1me se vzd\u011bl\u00e1v\u00e1n\u00edm, v\u00fdzkumem a v\u00fdvojem nov\u00fdch technologi\u00ed, pod\u00edl\u00edme se na realizaci a organizaci nejr\u016fzn\u011bj\u0161\u00edch ud\u00e1lost\u00ed a projekt\u016f. Mezi na\u0161e hlavn\u00ed oblasti z\u00e1jmu pat\u0159\u00ed: spolupr\u00e1ce s mezin\u00e1rodn\u00edmi univerzitami multimedi\u00e1ln\u00ed workshopy a akce individu\u00e1ln\u00ed a skupinov\u00e9 um\u011bleck\u00e9 projekty partnerstv\u00ed s [&hellip;]<\/p>\n","protected":false},"author":1,"featured_media":0,"parent":0,"menu_order":0,"comment_status":"closed","ping_status":"open","template":"","meta":{"footnotes":""},"class_list":["post-37","page","type-page","status-publish","hentry"],"_links":{"self":[{"href":"https:\/\/www.iim.cz\/cs\/wp-json\/wp\/v2\/pages\/37","targetHints":{"allow":["GET"]}}],"collection":[{"href":"https:\/\/www.iim.cz\/cs\/wp-json\/wp\/v2\/pages"}],"about":[{"href":"https:\/\/www.iim.cz\/cs\/wp-json\/wp\/v2\/types\/page"}],"author":[{"embeddable":true,"href":"https:\/\/www.iim.cz\/cs\/wp-json\/wp\/v2\/users\/1"}],"replies":[{"embeddable":true,"href":"https:\/\/www.iim.cz\/cs\/wp-json\/wp\/v2\/comments?post=37"}],"version-history":[{"count":14,"href":"https:\/\/www.iim.cz\/cs\/wp-json\/wp\/v2\/pages\/37\/revisions"}],"predecessor-version":[{"id":1501,"href":"https:\/\/www.iim.cz\/cs\/wp-json\/wp\/v2\/pages\/37\/revisions\/1501"}],"wp:attachment":[{"href":"https:\/\/www.iim.cz\/cs\/wp-json\/wp\/v2\/media?parent=37"}],"curies":[{"name":"wp","href":"https:\/\/api.w.org\/{rel}","templated":true}]}}