{"id":378,"date":"2015-01-11T16:51:45","date_gmt":"2015-01-11T15:51:45","guid":{"rendered":"https:\/\/www.iim.cz\/secret_beta\/?page_id=378"},"modified":"2018-11-01T14:44:28","modified_gmt":"2018-11-01T13:44:28","slug":"studim-v-iim","status":"publish","type":"page","link":"https:\/\/www.iim.cz\/cs\/studim-v-iim\/","title":{"rendered":"Studium v IIM"},"content":{"rendered":"<p><span style=\"font-weight: 400;\">V prostor\u00e1ch <\/span><b>IIM<\/b><span style=\"font-weight: 400;\"> se vyu\u010duj\u00ed p\u0159edm\u011bty, kter\u00e9 jsou sou\u010d\u00e1st\u00ed studijn\u00edch program\u016f <\/span><b>Otev\u0159en\u00e1 informatika<\/b><span style=\"font-weight: 400;\"> a <\/span><b>Softwarov\u00e9 in\u017een\u00fdrstv\u00ed a management<\/b><span style=\"font-weight: 400;\">. Studijn\u00ed pl\u00e1n se skl\u00e1d\u00e1 z r\u016fzn\u00fdch p\u0159edm\u011bt\u016f, kter\u00e9 pob\u00edz\u00ed studenty k rozvoji jejich tv\u016fr\u010d\u00edch a technick\u00fdch schopnost\u00ed. <\/span><\/p>\n<p>Tento p\u0159\u00edstup vyu\u017e\u00edv\u00e1 st\u011b\u017eejn\u00ed p\u0159edm\u011bt Intermedi\u00e1ln\u00ed tvorba a technologie. Studenti se tu setkaj\u00ed s mnoha v\u00fdznamn\u00fdmi osobnostmi \u010desk\u00e9 i mezin\u00e1rodn\u00ed um\u011bleck\u00e9 sc\u00e9ny. Po\u0159\u00e1daj\u00ed zde p\u0159edn\u00e1\u0161ky a workshopy ze sv\u011bteln\u00e9ho a zvukov\u00e9ho designu, sc\u00e9nografie, physical computingu \u010di videomappingu.<\/p>\n<h3>Dal\u0161\u00ed p\u0159edm\u011bty:<\/h3>\n<ul>\n<li>Multimedi\u00e1ln\u00ed technologie<\/li>\n<li>Po\u010d\u00edta\u010dov\u00e1 animace: Algoritmy a techniky<\/li>\n<li>Grafick\u00e1 tvorba<\/li>\n<li>DIY Physical Computing<\/li>\n<li>\u00davod do z\u00e1kladn\u00ed architektonick\u00e9 praxe a jej\u00edho u\u017eit\u00ed v intermedi\u00e1ln\u00edm tv\u016fr\u010d\u00edm procesu<\/li>\n<\/ul>\n<p>Studenti jsou po celou dobu t\u011bchto p\u0159edm\u011bt\u016f vedeni a podporov\u00e1ni k tomu, aby p\u0159ich\u00e1zeli s vlastn\u00edmi zaj\u00edmav\u00fdmi n\u00e1pady na vytv\u00e1\u0159en\u00ed nov\u00fdch projekt\u016f. Pr\u00e1ce na t\u011bchto spole\u010dn\u00fdch projektech obvykle vy\u017eaduje kooperaci mezi studenty a vedouc\u00edmi techniky. Ta \u010dasto vede k v\u00fdstup\u016fm prezentovan\u00fdm na ve\u0159ejnosti, nap\u0159. ve form\u011b p\u0159edstaven\u00ed, interaktivn\u00ed instalace, atd.<\/p>\n<p>Prostory IIM jsou variabiln\u00ed a lze je uzp\u016fsobit k r\u016fzn\u00fdm \u00fa\u010del\u016fm. Studenti tak mohou pln\u011b vybavenou multimedi\u00e1ln\u00ed laborato\u0159 vyu\u017e\u00edvat nap\u0159. pro zkou\u0161en\u00ed sv\u00fdch projekt\u016f \u010di k vytv\u00e1\u0159en\u00ed performanc\u00ed, sv\u011bteln\u00fdch show, instalac\u00ed, atd. Vedouc\u00ed a u\u010ditel\u00e9 technologicky i um\u011blecky zam\u011b\u0159en\u00fdch fakult jsou jim v\u017edy k dispozici.<\/p>","protected":false},"excerpt":{"rendered":"<p>V prostor\u00e1ch IIM se vyu\u010duj\u00ed p\u0159edm\u011bty, kter\u00e9 jsou sou\u010d\u00e1st\u00ed studijn\u00edch program\u016f Otev\u0159en\u00e1 informatika a Softwarov\u00e9 in\u017een\u00fdrstv\u00ed a management. Studijn\u00ed pl\u00e1n se skl\u00e1d\u00e1 z r\u016fzn\u00fdch p\u0159edm\u011bt\u016f, kter\u00e9 pob\u00edz\u00ed studenty k rozvoji jejich tv\u016fr\u010d\u00edch a technick\u00fdch schopnost\u00ed. Tento p\u0159\u00edstup vyu\u017e\u00edv\u00e1 st\u011b\u017eejn\u00ed p\u0159edm\u011bt Intermedi\u00e1ln\u00ed tvorba a technologie. Studenti se tu setkaj\u00ed s mnoha v\u00fdznamn\u00fdmi osobnostmi \u010desk\u00e9 i mezin\u00e1rodn\u00ed [&hellip;]<\/p>\n","protected":false},"author":1,"featured_media":0,"parent":0,"menu_order":0,"comment_status":"closed","ping_status":"open","template":"","meta":{"footnotes":""},"class_list":["post-378","page","type-page","status-publish","hentry"],"_links":{"self":[{"href":"https:\/\/www.iim.cz\/cs\/wp-json\/wp\/v2\/pages\/378","targetHints":{"allow":["GET"]}}],"collection":[{"href":"https:\/\/www.iim.cz\/cs\/wp-json\/wp\/v2\/pages"}],"about":[{"href":"https:\/\/www.iim.cz\/cs\/wp-json\/wp\/v2\/types\/page"}],"author":[{"embeddable":true,"href":"https:\/\/www.iim.cz\/cs\/wp-json\/wp\/v2\/users\/1"}],"replies":[{"embeddable":true,"href":"https:\/\/www.iim.cz\/cs\/wp-json\/wp\/v2\/comments?post=378"}],"version-history":[{"count":11,"href":"https:\/\/www.iim.cz\/cs\/wp-json\/wp\/v2\/pages\/378\/revisions"}],"predecessor-version":[{"id":1517,"href":"https:\/\/www.iim.cz\/cs\/wp-json\/wp\/v2\/pages\/378\/revisions\/1517"}],"wp:attachment":[{"href":"https:\/\/www.iim.cz\/cs\/wp-json\/wp\/v2\/media?parent=378"}],"curies":[{"name":"wp","href":"https:\/\/api.w.org\/{rel}","templated":true}]}}