{"id":393,"date":"2015-01-11T18:53:51","date_gmt":"2015-01-11T17:53:51","guid":{"rendered":"https:\/\/www.iim.cz\/secret_beta\/?page_id=393"},"modified":"2023-02-07T09:27:05","modified_gmt":"2023-02-07T08:27:05","slug":"rezervace-prostoru","status":"publish","type":"page","link":"https:\/\/www.iim.cz\/cs\/rezervace-prostoru\/","title":{"rendered":"Rezervace prostoru a v\u00fdp\u016fj\u010dky"},"content":{"rendered":"<p>Mo\u017enost rezervovat prostor nebo vybaven\u00ed je ur\u010dena pro studenty \u010cVUT, AMU a UMPRUM, kte\u0159\u00ed \u0159e\u0161\u00ed \u0161koln\u00ed projekty a z\u00e1v\u011bre\u010dn\u00e9 pr\u00e1ce nebo absolvuj\u00ed spole\u010dn\u00fd p\u0159edm\u011bt Intermedi\u00e1ln\u00ed tvorba a technologie.<\/p>\n<h3>Rezervace prostoru<\/h3>\n<p>P\u016fdorys prostoru s rozm\u011bry lze naj\u00edt zde &#8211; <a href=\"https:\/\/www.iim.cz\/wp-content\/uploads\/2023\/02\/iim-working-hall-scheme-2023-v01.pdf\">iim-working-hall-scheme-2023-v01.pdf<\/a>. N\u00e1hled prostoru najdete nap\u0159. zde je v <a href=\"https:\/\/gallery.iim.cz\/index.php\/2008_Lighting\" target=\"_blank\" rel=\"noopener\">galerii<\/a>.<\/p>\n<p>Rezervace prostoru se prov\u00e1d\u00ed emailem <a href=\"mailto:rezervace@iim.cz\">rezervace@iim.cz<\/a>. K \u017e\u00e1dosti p\u0159ilo\u017ete vypln\u011bn\u00fd Dotazn\u00edk pro pron\u00e1jem\/u\u017eit\u00ed ateli\u00e9ru, viz n\u00ed\u017ee.<\/p>\n<ul>\n<li><a href=\"https:\/\/www.iim.cz\/wp-content\/uploads\/2015\/01\/Dotazn\u00edk-pro-pron\u00e1jem-atelieru.pdf\">Dotazn\u00edk pro pron\u00e1jem\/u\u017eit\u00ed ateli\u00e9ru (PDF)<\/a>.<\/li>\n<li><a href=\"https:\/\/www.iim.cz\/wp-content\/uploads\/2015\/01\/Dotazn\u00edk-pro-pron\u00e1jem-atelieru.doc\">Dotazn\u00edk pro pron\u00e1jem\/u\u017eit\u00ed ateli\u00e9ru (DOC).<\/a><\/li>\n<\/ul>\n<p>D\u011bkujeme za spolupr\u00e1ci.<br \/>\n<a href=\"https:\/\/www.iim.cz\/wp-content\/uploads\/2015\/01\/rental.jpg\"><img loading=\"lazy\" decoding=\"async\" class=\"alignnone\" src=\"https:\/\/www.iim.cz\/wp-content\/uploads\/2015\/01\/rental-350x187.jpg\" alt=\"rental\" width=\"350\" height=\"187\" \/><\/a><\/p>\n<h3>V\u00fdp\u016fj\u010dky vybaven\u00ed<\/h3>\n<p>Ve\u0161ker\u00e1 technika a vybaven\u00ed IIM se p\u016fj\u010duj\u00ed podle p\u0159esn\u00fdch pravidel.<strong> Objedn\u00e1vky v\u00fdp\u016fj\u010dek prob\u00edhaj\u00ed v\u00fdhradn\u011b p\u0159es rezerva\u010dn\u00ed syst\u00e9m<\/strong> <a href=\"https:\/\/www.iim.cz\/booking\">https:\/\/www.iim.cz\/booking<\/a>, p\u0159\u00edpadn\u011b emailem: <a href=\"mailto:rezervace@iim.cz\">rezervace@iim.cz<\/a><\/p>\n<p>Technika se rezervuje v\u017edy dostate\u010dn\u011b dop\u0159edu, nejpozd\u011bji do p\u016flnoci \u010dtvrtka p\u0159edchoz\u00edho t\u00fddne. <strong>Fyzicky se technika p\u0159ed\u00e1v\u00e1 (p\u016fj\u010duje i vrac\u00ed) pouze v pond\u011bl\u00ed od 14:00 do 16:00<\/strong>. Ka\u017ed\u00fd z\u00e1jemce vypln\u00ed rezerva\u010dn\u00ed formul\u00e1\u0159 (nebo mu bude vypln\u011bn po zasl\u00e1n\u00ed emailu) a vy\u010dk\u00e1 potvrzen\u00ed rezervace. Bez potvrzen\u00ed od IIM nen\u00ed rezervace platn\u00e1.<\/p>\n<p>Pokud neobdr\u017e\u00edte potvrzuj\u00edc\u00ed email nebo v p\u0159\u00edpad\u011b dotaz\u016f volejte na \u010d\u00edslo 224352343.<\/p>\n<h3 id=\"seznam-vybaveni\">Seznam vybaven\u00ed<\/h3>\n<p>Do seznamu vybaven\u00ed je mo\u017en\u00e9 nahl\u00e9dnout v n\u00e1sleduj\u00edc\u00ed tabulce.<\/p>\n<p><iframe style=\"width: 100%; height: 500px;\" src=\"https:\/\/docs.google.com\/spreadsheets\/d\/e\/2PACX-1vS-wMNmQCZQDI3BIxPIaJWbxESqhGubvUxp-8OW15msxRo_cC9AhBOXjvBjUca3nuNoVX3FD373ECez\/pubhtml?gid=2044007322&amp;single=true&amp;widget=true&amp;headers=false\"><\/iframe><\/p>","protected":false},"excerpt":{"rendered":"<p>Mo\u017enost rezervovat prostor nebo vybaven\u00ed je ur\u010dena pro studenty \u010cVUT, AMU a UMPRUM, kte\u0159\u00ed \u0159e\u0161\u00ed \u0161koln\u00ed projekty a z\u00e1v\u011bre\u010dn\u00e9 pr\u00e1ce nebo absolvuj\u00ed spole\u010dn\u00fd p\u0159edm\u011bt Intermedi\u00e1ln\u00ed tvorba a technologie. Rezervace prostoru P\u016fdorys prostoru s rozm\u011bry lze naj\u00edt zde &#8211; iim-working-hall-scheme-2023-v01.pdf. N\u00e1hled prostoru najdete nap\u0159. zde je v galerii. Rezervace prostoru se prov\u00e1d\u00ed emailem rezervace@iim.cz. K \u017e\u00e1dosti [&hellip;]<\/p>\n","protected":false},"author":1,"featured_media":0,"parent":0,"menu_order":0,"comment_status":"closed","ping_status":"open","template":"","meta":{"footnotes":""},"class_list":["post-393","page","type-page","status-publish","hentry"],"_links":{"self":[{"href":"https:\/\/www.iim.cz\/cs\/wp-json\/wp\/v2\/pages\/393","targetHints":{"allow":["GET"]}}],"collection":[{"href":"https:\/\/www.iim.cz\/cs\/wp-json\/wp\/v2\/pages"}],"about":[{"href":"https:\/\/www.iim.cz\/cs\/wp-json\/wp\/v2\/types\/page"}],"author":[{"embeddable":true,"href":"https:\/\/www.iim.cz\/cs\/wp-json\/wp\/v2\/users\/1"}],"replies":[{"embeddable":true,"href":"https:\/\/www.iim.cz\/cs\/wp-json\/wp\/v2\/comments?post=393"}],"version-history":[{"count":41,"href":"https:\/\/www.iim.cz\/cs\/wp-json\/wp\/v2\/pages\/393\/revisions"}],"predecessor-version":[{"id":1958,"href":"https:\/\/www.iim.cz\/cs\/wp-json\/wp\/v2\/pages\/393\/revisions\/1958"}],"wp:attachment":[{"href":"https:\/\/www.iim.cz\/cs\/wp-json\/wp\/v2\/media?parent=393"}],"curies":[{"name":"wp","href":"https:\/\/api.w.org\/{rel}","templated":true}]}}