{"id":506,"date":"2015-02-01T00:49:22","date_gmt":"2015-01-31T23:49:22","guid":{"rendered":"https:\/\/www.iim.cz\/secret_beta\/?page_id=506"},"modified":"2015-02-05T19:31:39","modified_gmt":"2015-02-05T18:31:39","slug":"vyzkum","status":"publish","type":"page","link":"https:\/\/www.iim.cz\/cs\/vyzkum\/","title":{"rendered":"V\u00fdzkum"},"content":{"rendered":"<p>Institut interm\u00e9di\u00ed se ji\u017e od sv\u00e9ho zalo\u017een\u00ed pod\u00edl\u00ed na realizaci \u0159ady v\u00fdzkumn\u00fdch projekt\u016f v oblasti nov\u00fdch technologi\u00ed, v\u011bdeck\u00fdch projekt\u016f a experiment\u016f. Podporuje intermedi\u00e1ln\u00ed projekty vznikaj\u00edc\u00ed ve spolupr\u00e1ci s dal\u0161\u00edmi vzd\u011bl\u00e1vac\u00edmi a jin\u00fdmi institucemi \u010di pr\u016fmyslem v \u010cR i v zahrani\u010d\u00ed.<\/p>\n<h3>Nejd\u016fle\u017eit\u011bj\u0161\u00ed ud\u00e1losti ve v\u00fdzkumu<\/h3>\n<ul>\n<li>V\u00fdvoj n\u00e1stroj\u016f a metod pro aplikace virtu\u00e1ln\u00ed reality a spole\u010dn\u00e9ho prost\u0159ed\u00ed za pou\u017eit\u00ed protokol\u016f pro p\u0159enos dat po \u0161irokop\u00e1smov\u00e9 s\u00edti. <\/li>\n<li>V\u00fdvoj technik motion capture, kter\u00e9 umo\u017e\u0148uj\u00ed rychl\u00e9 jednoduch\u00e9 sledov\u00e1n\u00ed a zaznamen\u00e1v\u00e1n\u00ed pohybu lidsk\u00e9ho t\u011bla ve filmov\u00e9 tvorb\u011b.<\/li>\n<li>V\u00fdvoj mocap datab\u00e1ze a \u00fa\u010dinn\u00fdch n\u00e1stroj\u016f umo\u017e\u0148uj\u00edc\u00ed automatickou anal\u00fdzu, t\u0159\u00edden\u00ed a vyhled\u00e1v\u00e1n\u00ed\/z\u00e1chranu nahran\u00fdch dat pohybu. <\/li>\n<\/ul>\n<h4>Spolupr\u00e1ce:<\/h4>\n<ul>\n<li>Spolupr\u00e1ce se sdru\u017een\u00edm <a href=\"http:\/\/www.cesnet.cz\" target=\"_blank\">CESNET<\/a>, hlavn\u00edm \u010desk\u00fdm akademick\u00fdm provozovatelem s\u00edt\u00ed. <\/li>\n<li>Spolupr\u00e1ce s p\u0159edn\u00edmi \u010desk\u00fdmi vysok\u00fdmi \u0161kolami &#8211;  <a href=\"http:\/\/www.ujep.cz\" target=\"_blank\">UJEP<\/a>, <a href=\"http:\/\/www.vutbr.cz\" target=\"_blank\">VUT v Brn\u011b<\/a>, <a href=\"http:\/\/www.cuni.cz\" target=\"_blank\">UK v Praze<\/a>, <a href=\"https:\/\/www.ffa.vutbr.cz\" target=\"_blank\">FaVU<\/a>.<\/li>\n<li>Z komer\u010dn\u00ed sf\u00e9ry spolupr\u00e1ce zejm\u00e9na s <a href=\"http:\/\/www.upp.cz\/cs\/\" target=\"_blank\">UPP<\/a>,  <a href=\"http:\/\/www.avmedia.cz\" target=\"_blank\">AV MEDIA<\/a>, <a href=\"http:\/\/3dsense.org\" target=\"_blank\">3dsense<\/a>.<\/li>\n<\/ul>\n<h4>Projekty:<\/h4>\n<ul>\n<li>Projekt Psychogram &#8211; Zam\u011b\u0159uje se na v\u00fdvoj syst\u00e9m\u016f pro sn\u00edm\u00e1n\u00ed lidsk\u00fdch biosign\u00e1l\u016f a jejich interpretaci a pou\u017eit\u00ed pro um\u011bleck\u00e9 projekty a performance. <\/li>\n<li><a href=\"https:\/\/www.iim.cz\/secret_beta\/2012-kanarci\/\" title=\"2012 \u2013 Kan\u00e1rci\">Projekt Kan\u00e1rci<\/a> &#8211; V\u00fdvoj DIY n\u00e1stroj\u016f pro m\u011b\u0159en\u00ed kvality ovzdu\u0161\u00ed. Vyu\u017e\u00edv\u00e1 open source platformu Arduino pro z\u00edsk\u00e1v\u00e1n\u00ed informac\u00ed o zne\u010di\u0161t\u011bn\u00ed m\u00edstn\u00edho ovzdu\u0161\u00ed. <\/li>\n<\/ul>\n<p><\/p>","protected":false},"excerpt":{"rendered":"<p>Institut interm\u00e9di\u00ed se ji\u017e od sv\u00e9ho zalo\u017een\u00ed pod\u00edl\u00ed na realizaci \u0159ady v\u00fdzkumn\u00fdch projekt\u016f v oblasti nov\u00fdch technologi\u00ed, v\u011bdeck\u00fdch projekt\u016f a experiment\u016f. Podporuje intermedi\u00e1ln\u00ed projekty vznikaj\u00edc\u00ed ve spolupr\u00e1ci s dal\u0161\u00edmi vzd\u011bl\u00e1vac\u00edmi a jin\u00fdmi institucemi \u010di pr\u016fmyslem v \u010cR i v zahrani\u010d\u00ed. Nejd\u016fle\u017eit\u011bj\u0161\u00ed ud\u00e1losti ve v\u00fdzkumu V\u00fdvoj n\u00e1stroj\u016f a metod pro aplikace virtu\u00e1ln\u00ed reality a spole\u010dn\u00e9ho prost\u0159ed\u00ed [&hellip;]<\/p>\n","protected":false},"author":1,"featured_media":0,"parent":0,"menu_order":0,"comment_status":"closed","ping_status":"open","template":"","meta":{"footnotes":""},"class_list":["post-506","page","type-page","status-publish","hentry"],"_links":{"self":[{"href":"https:\/\/www.iim.cz\/cs\/wp-json\/wp\/v2\/pages\/506","targetHints":{"allow":["GET"]}}],"collection":[{"href":"https:\/\/www.iim.cz\/cs\/wp-json\/wp\/v2\/pages"}],"about":[{"href":"https:\/\/www.iim.cz\/cs\/wp-json\/wp\/v2\/types\/page"}],"author":[{"embeddable":true,"href":"https:\/\/www.iim.cz\/cs\/wp-json\/wp\/v2\/users\/1"}],"replies":[{"embeddable":true,"href":"https:\/\/www.iim.cz\/cs\/wp-json\/wp\/v2\/comments?post=506"}],"version-history":[{"count":9,"href":"https:\/\/www.iim.cz\/cs\/wp-json\/wp\/v2\/pages\/506\/revisions"}],"predecessor-version":[{"id":606,"href":"https:\/\/www.iim.cz\/cs\/wp-json\/wp\/v2\/pages\/506\/revisions\/606"}],"wp:attachment":[{"href":"https:\/\/www.iim.cz\/cs\/wp-json\/wp\/v2\/media?parent=506"}],"curies":[{"name":"wp","href":"https:\/\/api.w.org\/{rel}","templated":true}]}}