{"id":1914,"date":"2023-02-07T09:49:51","date_gmt":"2023-02-07T08:49:51","guid":{"rendered":"https:\/\/www.iim.cz\/?page_id=1914"},"modified":"2024-05-12T19:00:01","modified_gmt":"2024-05-12T18:00:01","slug":"ridici-rada-iim","status":"publish","type":"page","link":"https:\/\/www.iim.cz\/en\/ridici-rada-iim\/","title":{"rendered":"(\u010ce\u0161tina) \u0158\u00edd\u00edc\u00ed rada IIM"},"content":{"rendered":"<p class=\"qtranxs-available-languages-message qtranxs-available-languages-message-en\">Sorry, this entry is only available in <a href=\"https:\/\/www.iim.cz\/cs\/wp-json\/wp\/v2\/pages\/1914\" class=\"qtranxs-available-language-link qtranxs-available-language-link-cs\" title=\"\u010ce\u0161tina\">\u010ce\u0161tina<\/a>.<\/p>","protected":false},"excerpt":{"rendered":"<p>Sorry, this entry is only available in \u010ce\u0161tina.<\/p>\n","protected":false},"author":11,"featured_media":0,"parent":0,"menu_order":0,"comment_status":"closed","ping_status":"closed","template":"","meta":{"footnotes":""},"class_list":["post-1914","page","type-page","status-publish","hentry"],"_links":{"self":[{"href":"https:\/\/www.iim.cz\/en\/wp-json\/wp\/v2\/pages\/1914","targetHints":{"allow":["GET"]}}],"collection":[{"href":"https:\/\/www.iim.cz\/en\/wp-json\/wp\/v2\/pages"}],"about":[{"href":"https:\/\/www.iim.cz\/en\/wp-json\/wp\/v2\/types\/page"}],"author":[{"embeddable":true,"href":"https:\/\/www.iim.cz\/en\/wp-json\/wp\/v2\/users\/11"}],"replies":[{"embeddable":true,"href":"https:\/\/www.iim.cz\/en\/wp-json\/wp\/v2\/comments?post=1914"}],"version-history":[{"count":21,"href":"https:\/\/www.iim.cz\/en\/wp-json\/wp\/v2\/pages\/1914\/revisions"}],"predecessor-version":[{"id":2196,"href":"https:\/\/www.iim.cz\/en\/wp-json\/wp\/v2\/pages\/1914\/revisions\/2196"}],"wp:attachment":[{"href":"https:\/\/www.iim.cz\/en\/wp-json\/wp\/v2\/media?parent=1914"}],"curies":[{"name":"wp","href":"https:\/\/api.w.org\/{rel}","templated":true}]}}