{"id":2242,"date":"2026-01-14T12:16:51","date_gmt":"2026-01-14T11:16:51","guid":{"rendered":"https:\/\/www.iim.cz\/?page_id=2242"},"modified":"2026-02-07T13:04:31","modified_gmt":"2026-02-07T12:04:31","slug":"sil26","status":"publish","type":"page","link":"https:\/\/www.iim.cz\/en\/sil26\/","title":{"rendered":"(\u010ce\u0161tina) Studentsk\u00e1 intermedi\u00e1ln\u00ed laborato\u0159 (SIL26)"},"content":{"rendered":"<p class=\"qtranxs-available-languages-message qtranxs-available-languages-message-en\">Sorry, this entry is only available in <a href=\"https:\/\/www.iim.cz\/cs\/wp-json\/wp\/v2\/pages\/2242\" class=\"qtranxs-available-language-link qtranxs-available-language-link-cs\" title=\"\u010ce\u0161tina\">\u010ce\u0161tina<\/a>.<\/p>","protected":false},"excerpt":{"rendered":"<p>Sorry, this entry is only available in \u010ce\u0161tina.<\/p>\n","protected":false},"author":10,"featured_media":0,"parent":0,"menu_order":0,"comment_status":"closed","ping_status":"closed","template":"","meta":{"footnotes":""},"class_list":["post-2242","page","type-page","status-publish","hentry"],"_links":{"self":[{"href":"https:\/\/www.iim.cz\/en\/wp-json\/wp\/v2\/pages\/2242","targetHints":{"allow":["GET"]}}],"collection":[{"href":"https:\/\/www.iim.cz\/en\/wp-json\/wp\/v2\/pages"}],"about":[{"href":"https:\/\/www.iim.cz\/en\/wp-json\/wp\/v2\/types\/page"}],"author":[{"embeddable":true,"href":"https:\/\/www.iim.cz\/en\/wp-json\/wp\/v2\/users\/10"}],"replies":[{"embeddable":true,"href":"https:\/\/www.iim.cz\/en\/wp-json\/wp\/v2\/comments?post=2242"}],"version-history":[{"count":7,"href":"https:\/\/www.iim.cz\/en\/wp-json\/wp\/v2\/pages\/2242\/revisions"}],"predecessor-version":[{"id":2260,"href":"https:\/\/www.iim.cz\/en\/wp-json\/wp\/v2\/pages\/2242\/revisions\/2260"}],"wp:attachment":[{"href":"https:\/\/www.iim.cz\/en\/wp-json\/wp\/v2\/media?parent=2242"}],"curies":[{"name":"wp","href":"https:\/\/api.w.org\/{rel}","templated":true}]}}